{"id":331,"date":"2012-11-28T14:15:46","date_gmt":"2012-11-28T14:15:46","guid":{"rendered":"http:\/\/localhost\/eprom\/?page_id=331"},"modified":"2015-09-30T15:35:31","modified_gmt":"2015-09-30T16:35:31","slug":"contact","status":"publish","type":"page","link":"http:\/\/edicao2015.angrajazz.com\/en\/contact\/","title":{"rendered":"Contacts"},"content":{"rendered":"<div class=\"col-1-3\">\n<h2 class=\"heading-icon contact \">Contacts<br \/>\n<span class=\"color\">Associa\u00e7\u00e3o Cultural Angrajazz<\/span><\/h2>\n<ul class=\"details none\">\n<li><span>Address<\/span><div>Centro Cultural e de Congressos de Angra do Hero\u00edsmo<br \/>\n9700-130 Angra do Hero\u00edsmo<br \/>\nA\u00e7ores, Portugal<\/div><\/li>\n<li><span>Email<\/span><div>info@angrajazz.com<\/div><\/li>\n<li><span>Tel.<\/span><div>(+351) 295 218 490<\/div><\/li>\n<\/ul>\n<\/div>\n<div class=\"col-2-3 last\">\n<form action=\"http:\/\/edicao2015.angrajazz.com\/wp-admin\/admin-ajax.php\" class=\"form contact-form\"><p class=\"input\"><label for=\"contact-name\"><strong>Name<\/strong> (required)<\/label><input type=\"text\" name=\"name\" value=\"\" id=\"contact-name\" required><\/p><p class=\"input\"><label for=\"contact-email\"><strong>Email<\/strong> (required)<\/label><input type=\"email\" name=\"email\" value=\"\" id=\"contact-email\" required><\/p><p class=\"input\"><label for=\"contact-subject\"><strong>Subject<\/strong><\/label><input type=\"text\" name=\"subject\" value=\"\" id=\"contact-subject\"><\/p><p class=\"textarea\"><label for=\"contact-message\"><strong>Your Message<\/strong> (required)<\/label><textarea name=\"message\" id=\"contact-message\" cols=\"88\" rows=\"6\" required><\/textarea><\/p><p class=\"hidden\"><label for=\"contact-spam-check\">Do not fill out this field this is spam check.<\/label><input name=\"anty_spam\" type=\"text\" value=\"\" id=\"contact-spam-check\" \/><\/p><input type=\"submit\" value=\"Submit Message\"><div class=\"clear\"><\/div><input type=\"hidden\" value=\"216.73.216.162\" name=\"ip\" \/><\/form>\n<\/div>\n","protected":false},"excerpt":{"rendered":"{:pt} Contactos Associa\u00e7\u00e3o Cultural Angrajazz MoradaCentro Cultural e de Congressos de Angra do Hero\u00edsmo 9700-130 Angra do Hero\u00edsmo A\u00e7ores, Portugal Emailinfo@angrajazz.com Tel.(+351) 295 218 490 Name (required)Email (required)SubjectYour Message (required)Do not fill out this field this is spam check. {:}{:en} Contacts Associa\u00e7\u00e3o Cultural Angrajazz AddressCentro Cultural e de Congressos de Angra do Hero\u00edsmo 9700-130 Angra [...]","protected":false},"author":1,"featured_media":0,"parent":0,"menu_order":0,"comment_status":"closed","ping_status":"closed","template":"","meta":{"footnotes":""},"class_list":["post-331","page","type-page","status-publish","hentry"],"translation":{"provider":"WPGlobus","version":"3.0.0","language":"en","enabled_languages":["pt","en"],"languages":{"pt":{"title":true,"content":true,"excerpt":false},"en":{"title":true,"content":true,"excerpt":false}}},"_links":{"self":[{"href":"http:\/\/edicao2015.angrajazz.com\/en\/wp-json\/wp\/v2\/pages\/331","targetHints":{"allow":["GET"]}}],"collection":[{"href":"http:\/\/edicao2015.angrajazz.com\/en\/wp-json\/wp\/v2\/pages"}],"about":[{"href":"http:\/\/edicao2015.angrajazz.com\/en\/wp-json\/wp\/v2\/types\/page"}],"author":[{"embeddable":true,"href":"http:\/\/edicao2015.angrajazz.com\/en\/wp-json\/wp\/v2\/users\/1"}],"replies":[{"embeddable":true,"href":"http:\/\/edicao2015.angrajazz.com\/en\/wp-json\/wp\/v2\/comments?post=331"}],"version-history":[{"count":5,"href":"http:\/\/edicao2015.angrajazz.com\/en\/wp-json\/wp\/v2\/pages\/331\/revisions"}],"predecessor-version":[{"id":926,"href":"http:\/\/edicao2015.angrajazz.com\/en\/wp-json\/wp\/v2\/pages\/331\/revisions\/926"}],"wp:attachment":[{"href":"http:\/\/edicao2015.angrajazz.com\/en\/wp-json\/wp\/v2\/media?parent=331"}],"curies":[{"name":"wp","href":"https:\/\/api.w.org\/{rel}","templated":true}]}}