{"id":399,"date":"2012-12-05T12:36:21","date_gmt":"2012-12-05T12:36:21","guid":{"rendered":"http:\/\/localhost\/eprom\/?page_id=399"},"modified":"2015-09-28T12:49:30","modified_gmt":"2015-09-28T12:49:30","slug":"artists","status":"publish","type":"page","link":"http:\/\/edicao2015.angrajazz.com\/en\/artists\/","title":{"rendered":"Musicians"},"content":{"rendered":"<div class=\"items artists\"><article class=\"col-1-3 clearfix\"><a href=\"http:\/\/edicao2015.angrajazz.com\/en\/artist\/tord-gustavson-ensemble\/\" class=\"aligncenter thumb-icon\"  ><img decoding=\"async\" src=\"http:\/\/edicao2015.angrajazz.com\/wp-content\/uploads\/2015\/09\/tord2.png\" alt=\"http:\/\/edicao2015.angrajazz.com\/wp-content\/uploads\/2015\/09\/tord2.png\" title=\"Tord Gustavson Ensemble\" class=\"\" ><span class=\"icon plus\"><\/span><\/a><footer><h3><a href=\"http:\/\/edicao2015.angrajazz.com\/en\/artist\/tord-gustavson-ensemble\/\">Tord Gustavson Ensemble<\/a><\/h3><p>O pianista Noruegu\u00eas Tord Gustavsen, nascido em 1970, \u00e9 um dos mais aclamados m\u00fasicos da Europeus e um nome que destaca e ultrapassa o som n\u00f3rdico na j\u00e1 longa tradi\u00e7\u00e3o Escandinava de um Jazz l\u00edrico e magistralmente interpretativo. Licenciado em Psicologia, formou-se em Jazz no Conservat\u00f3rio e, mais tarde, em Musicologia pela Universidade de Oslo [&hellip;]<\/p><div class=\"cat\">Jazz<\/div><\/footer><\/article><article class=\"col-1-3 clearfix\"><a href=\"http:\/\/edicao2015.angrajazz.com\/en\/artist\/sexteto-de-jazz-de-lisboa\/\" class=\"aligncenter thumb-icon\"  ><img decoding=\"async\" src=\"http:\/\/edicao2015.angrajazz.com\/wp-content\/uploads\/2015\/09\/sexteto2.png\" alt=\"http:\/\/edicao2015.angrajazz.com\/wp-content\/uploads\/2015\/09\/sexteto2.png\" title=\"Sexteto de Jazz de Lisboa\" class=\"\" ><span class=\"icon plus\"><\/span><\/a><footer><h3><a href=\"http:\/\/edicao2015.angrajazz.com\/en\/artist\/sexteto-de-jazz-de-lisboa\/\">Sexteto de Jazz de Lisboa<\/a><\/h3><p>Este grupo formou-se nos anos 80 e afirmou-se justamente como um dos primeiros not\u00e1veis grupos de jazz portugueses, profissionais &#8220;a tempo inteiro&#8221;. Em 1988 publicaram o seu \u00fanico \u00e1lbum \u201cAo Encontro\u201d. O repto lan\u00e7ado aos m\u00fasicos que participaram no \u00fanico disco do Sexteto para se reencontrarem em palco ao fim de quase 30 anos, foi [&hellip;]<\/p><div class=\"cat\">Jazz<\/div><\/footer><\/article><article class=\"col-1-3 clearfix\"><a href=\"http:\/\/edicao2015.angrajazz.com\/en\/artist\/jeff-denson-trio-lee-konitz\/\" class=\"aligncenter thumb-icon\"  ><img decoding=\"async\" src=\"http:\/\/edicao2015.angrajazz.com\/wp-content\/uploads\/2015\/09\/jeffdenson.png\" alt=\"http:\/\/edicao2015.angrajazz.com\/wp-content\/uploads\/2015\/09\/jeffdenson.png\" title=\"Jeff Denson Trio + Lee Konitz\" class=\"\" ><span class=\"icon plus\"><\/span><\/a><footer><h3><a href=\"http:\/\/edicao2015.angrajazz.com\/en\/artist\/jeff-denson-trio-lee-konitz\/\">Jeff Denson Trio + Lee Konitz<\/a><\/h3><p>Depois de mais de uma d\u00e9cada como co-l\u00edder do internacionalmente aclamado trio Minsarah, o contrabaixista Jeff Denson est\u00e1 desenvolvendo um novo projeto com o seu trio, tendo convidado Lee Konitz para alguns trabalhos conjuntos. Jeff trabalha com Lee Konitz desde 2007, e tem sido um membro do Lee Konitz New Quartet, o \u00fanico grupo permanente [&hellip;]<\/p><div class=\"cat\">Jazz<\/div><\/footer><\/article><article class=\"col-1-3 clearfix\"><a href=\"http:\/\/edicao2015.angrajazz.com\/en\/artist\/rene-urtreger-trio\/\" class=\"aligncenter thumb-icon\"  ><img decoding=\"async\" src=\"http:\/\/edicao2015.angrajazz.com\/wp-content\/uploads\/2015\/09\/rene.png\" alt=\"http:\/\/edicao2015.angrajazz.com\/wp-content\/uploads\/2015\/09\/rene.png\" title=\"Ren\u00e9 Urtreger Trio\" class=\"\" ><span class=\"icon plus\"><\/span><\/a><footer><h3><a href=\"http:\/\/edicao2015.angrajazz.com\/en\/artist\/rene-urtreger-trio\/\">Ren\u00e9 Urtreger Trio<\/a><\/h3><p>Pianista e compositor franc\u00eas nascido em 1934, Ren\u00e9 Urtreger fez estudos de piano cl\u00e1ssico antes de mergulhar no jazz, no Blue Note, com Don Byas e Buck Clayton. Tocou com JJ Johnson, Stan Getz, Zoot Sims, St\u00e9phane Grappelli, Bobby Jaspar, Ren\u00e9 Thomas, Lionel Hampton, Chet Baker, Lester Young (\u201cLester Young in Paris\u201d , o \u00faltimo [&hellip;]<\/p><div class=\"cat\">Jazz<\/div><\/footer><\/article><article class=\"col-1-3 clearfix\"><a href=\"http:\/\/edicao2015.angrajazz.com\/en\/artist\/orquestra-angrajazz-ricardo-toscano\/\" class=\"aligncenter thumb-icon\"  ><img decoding=\"async\" src=\"http:\/\/edicao2015.angrajazz.com\/wp-content\/uploads\/2015\/09\/angra2.png\" alt=\"http:\/\/edicao2015.angrajazz.com\/wp-content\/uploads\/2015\/09\/angra2.png\" title=\"Orquestra Angrajazz + Ricardo Toscano\" class=\"\" ><span class=\"icon plus\"><\/span><\/a><footer><h3><a href=\"http:\/\/edicao2015.angrajazz.com\/en\/artist\/orquestra-angrajazz-ricardo-toscano\/\">Orquestra Angrajazz + Ricardo Toscano<\/a><\/h3><p>A Orquestra \u00e9 o projecto de forma\u00e7\u00e3o da Associa\u00e7\u00e3o Cultural Angrajazz. Reuniu-se pela primeira vez em Julho de 2002, tendo feito o seu concerto inaugural no 4.\u00ba Angrajazz. Desde o seu in\u00edcio tem tido a Direc\u00e7\u00e3o Musical dos m\u00fasicos Claus Nymark e Pedro Moreira. Em Maio de 2006 lan\u00e7ou o seu primeiro CD \u201cOrquestra Angrajazz [&hellip;]<\/p><div class=\"cat\">Jazz<\/div><\/footer><\/article><article class=\"col-1-3 clearfix\"><a href=\"http:\/\/edicao2015.angrajazz.com\/en\/artist\/dj-graphicriver\/\" class=\"aligncenter thumb-icon\"  ><img decoding=\"async\" src=\"http:\/\/edicao2015.angrajazz.com\/wp-content\/uploads\/2015\/09\/gregporter1.png\" alt=\"http:\/\/edicao2015.angrajazz.com\/wp-content\/uploads\/2015\/09\/gregporter1.png\" title=\"Gregory Porter &amp;#038; Band\" class=\"\" ><span class=\"icon plus\"><\/span><\/a><footer><h3><a href=\"http:\/\/edicao2015.angrajazz.com\/en\/artist\/dj-graphicriver\/\">Gregory Porter &#038; Band<\/a><\/h3><p>Nascido em Sacramento, capital do Estado da Calif\u00f3rnia, G. Porter cedo mostrou um talento especial para o futebol americano, embora uma les\u00e3o num ombro tenha terminado precocemente com essa ambi\u00e7\u00e3o. Deste modo, o Mundo ganhou um dos maiores cantores de Jazz de sempre e, certamente, o nome mais sonante do Jazz vocal atual. Nas suas [&hellip;]<\/p><div class=\"cat\">Jazz<\/div><\/footer><\/article><\/div>\n","protected":false},"excerpt":{"rendered":"Bio. Gregory Porter &#038; Band Nascido em Sacramento, capital do Estado da Calif\u00f3rnia, G. Porter cedo mostrou um talento especial para o futebol americano, embora uma les\u00e3o num ombro tenha terminado precocemente com essa ambi\u00e7\u00e3o. Deste modo, o Mundo ganhou um dos maiores cantores de Jazz de sempre e, certamente, o nome mais sonante do [...]","protected":false},"author":1,"featured_media":0,"parent":0,"menu_order":0,"comment_status":"closed","ping_status":"closed","template":"","meta":{"footnotes":""},"class_list":["post-399","page","type-page","status-publish","hentry"],"translation":{"provider":"WPGlobus","version":"3.0.0","language":"en","enabled_languages":["pt","en"],"languages":{"pt":{"title":true,"content":true,"excerpt":false},"en":{"title":true,"content":true,"excerpt":false}}},"_links":{"self":[{"href":"http:\/\/edicao2015.angrajazz.com\/en\/wp-json\/wp\/v2\/pages\/399","targetHints":{"allow":["GET"]}}],"collection":[{"href":"http:\/\/edicao2015.angrajazz.com\/en\/wp-json\/wp\/v2\/pages"}],"about":[{"href":"http:\/\/edicao2015.angrajazz.com\/en\/wp-json\/wp\/v2\/types\/page"}],"author":[{"embeddable":true,"href":"http:\/\/edicao2015.angrajazz.com\/en\/wp-json\/wp\/v2\/users\/1"}],"replies":[{"embeddable":true,"href":"http:\/\/edicao2015.angrajazz.com\/en\/wp-json\/wp\/v2\/comments?post=399"}],"version-history":[{"count":5,"href":"http:\/\/edicao2015.angrajazz.com\/en\/wp-json\/wp\/v2\/pages\/399\/revisions"}],"predecessor-version":[{"id":1212,"href":"http:\/\/edicao2015.angrajazz.com\/en\/wp-json\/wp\/v2\/pages\/399\/revisions\/1212"}],"wp:attachment":[{"href":"http:\/\/edicao2015.angrajazz.com\/en\/wp-json\/wp\/v2\/media?parent=399"}],"curies":[{"name":"wp","href":"https:\/\/api.w.org\/{rel}","templated":true}]}}