{"id":581,"date":"2015-09-16T13:51:12","date_gmt":"2015-09-16T13:51:12","guid":{"rendered":"http:\/\/edicao2015.angrajazz.com\/?page_id=581"},"modified":"2015-10-06T13:45:02","modified_gmt":"2015-10-06T14:45:02","slug":"o-festival","status":"publish","type":"page","link":"http:\/\/edicao2015.angrajazz.com\/en\/o-festival\/","title":{"rendered":"The Festival"},"content":{"rendered":"<div class=\"col-2-3\">\n<h4><strong>INTRODUCTION<\/strong><\/h4>\n<p>ANGRAJAZZ \u2013 Festival Internacional de Jazz de Angra do Hero\u00edsmo \u2013 is an event organized by a non-profit association \u2013 Associa\u00e7\u00e3o Cultural Angrajazz \u2013 with the support of the Angra do Hero\u00edsmo City Council, the Regional Departments of Culture and Tourism, and many private sponsors.<\/p>\n<p>It takes place annually, in Angra do Hero\u00edsmo, Terceira Island, Azores, a middle Atlantic town considered by UNESCO as world patrimony.<\/p>\n<p>The first edition of this festival took place in 1999, and since then it has been happening every year, in the beginning of October.<\/p>\n<p>Until 2003 the festival took place on a XVII century cloister of an old convent. Since 2003 the Angrajazz moved to the new Centro Cultural e de Congressos de Angra do Hero\u00edsmo, an old bullfight ring transformed into a cultural center.<\/p>\n<p>The semi circular auditorium turns into a big jazz club, fitting 550 persons, with the musicians very close to the public, which gives it a very exciting and truthful atmosphere.<\/p>\n<p>&nbsp;<\/p>\n<h4><strong>OBJECTIVES<\/strong><\/h4>\n<p>The Angrajazz claims itself as a main-stream festival, with the main purpose of spreading and developing the appreciation of this kind of music in the Azores Islands.<\/p>\n<p>Some of the concerts realized at the festival have been considered, by the specialized media, among the best of the year in Portugal.<\/p>\n<p>The Associa\u00e7\u00e3o Cultural Angrajazz organizes also some side events during the festival like workshops, conferences, expositions, cinema and others.<\/p>\n<p>As a result of some of these workshops, the Angrajazz Orchestra was created in 2002, playing for the first time at the 4\u00ba Angrajazz. This Orchestra is formed by 20 local musicians, and directed by the musicians and professors Pedro Moreira and Claus Nymark.<\/p>\n<p>&nbsp;<\/p>\n<h4><strong>ORGANIZATION<\/strong><\/h4>\n<p>&#8211; Associa\u00e7\u00e3o Cultural Angrajazz<br \/>\n&#8211; C\u00e2mara Municipal de Angra do Heroismo (Cidade Patrim\u00f3nio Mundial)<\/p>\n<h4><strong>PREVIOUS FESTIVALS<br \/>\n<\/strong><\/h4>\n<\/div>\n<div class=\"col-1-3 last\">\n<h4><strong>PRODUCTION AND ARTISTIC DIRECTION<\/strong><\/h4>\n<p>&#8211; Miguel Cunha<br \/>\n&#8211; Jos\u00e9 R. Pinto<br \/>\n&#8211; Jo\u00e3o Pedro Barreiros<br \/>\n&#8211; Rui Borba<\/p>\n<h4><strong>LOCAL<\/strong><\/h4>\n<p>CENTRO CULTURAL E DE CONGRESSOS DE ANGRA DO HERO\u00cdSMO<br \/>\nAngra do Heroismo, Terceira Island, Azores, Portugal<br \/>\n&#8211; Grand Auditorium \u2013 feats 550 persons, arranged as a big jazz club<br \/>\n&#8211; Small Auditorium\/Cinema &#8211; feats 158 persons.<br \/>\n&#8211; Main Atrium with 300 square meters (expositions, sailing of merchandizing and CDs)<br \/>\n&#8211; Piano bar with esplanade.<\/p>\n<h4><strong>CALENDAR<\/strong><\/h4>\n<p>In 2015, October 1 ,2 and 3.<\/p>\n<h4><strong>FINANCIAL SUPPORT<\/strong><\/h4>\n<p>&#8211; City Council of Angra do Hero\u00edsmo<br \/>\n&#8211; Regional Department of Culture<br \/>\n&#8211; Regional Department of Tourism<br \/>\n&#8211; Private Sponsors<br \/>\n&#8211; Tickets and merchandizing<br \/>\n&#8211; Education project of Orchestra Angrajazz, consists of a small jazz school during the year and has institutional support from City Council, Regional Department of Culture and sponsorship of Guarita Supermarkets.<\/p>\n<\/div>\n<h4><\/h4>\n<div class=\"col-1-3\">\n<p><strong>1999 <\/strong><\/p>\n<p>1\u00ba ANGRAJAZZ . 1999<br \/>\n&#8211; Quinteto de Carlos Martins (Portugal)<br \/>\n&#8211; Toots Thieleman\/Kenny Werner (B\u00e9lgica\/USA)<br \/>\n&#8211; John Scofield\/Steve Swallow\/Bill Stewart Trio (USA)<br \/>\n&#8211; Claude Bolling Quarteto (Fran\u00e7a).<\/p>\n<p><strong>2000 <\/strong><\/p>\n<p>2\u00ba ANGRAJAZZ . 2000<br \/>\n&#8211; Frank Morgan Quinteto, com Valery Panomarev, John Hicks, Curtis Lundy and Yoron Israel (USA)<br \/>\n&#8211; Dixie Gang Septeto &#8220;Participa\u00e7\u00e3o do Grupo de Metais Ilha Lilaz &#8221; (Portugal)<br \/>\n&#8211; Dena DeRose Trio com Ingrid Jensen (USA)<br \/>\n&#8211; Richard Gallianno Trio (Fran\u00e7a)<br \/>\n&#8211; Hilton Ruiz Quarteto (USA)<\/p>\n<p><strong> 2001 <\/strong><\/p>\n<p>3\u00ba ANGRAJAZZ . 2001<br \/>\n&#8211; M\u00e1rio Delgado Projecto Filactera (Portugal)<br \/>\n&#8211; Paolo Fresu Quinteto (It\u00e1lia)<br \/>\n&#8211; Sonny Fortune Quarteto (USA)<br \/>\n&#8211; Cedar Walton Trio (USA)<br \/>\n&#8211; Roseanna Vitro Quintet com Gary Bartz (USA)<br \/>\n&#8211; Steve Turre Sexteto com cordas &#8211; Chris Howes, Akua Dixon, Stephen Scott, Buster Williams and Victor Lewis (USA)<\/p>\n<p><strong> 2002<br \/>\n<\/strong><\/p>\n<p>4\u00ba ANGRAJAZZ . 2002<br \/>\n&#8211; Orquestra Angrajazz (A\u00e7ores)<br \/>\n&#8211; Only Jazz Quarteto (A\u00e7ores)<br \/>\n&#8211; Russell Malone, Benny Green e Ray Drummond Trio (USA)<br \/>\n&#8211; Kenny Barron trio com Kyoshi Kitagawa e Ben Riley (USA)<br \/>\n&#8211; Louis Hayes Quarteto com Javon Jackson, Ronnie Mathews e Michael Bowie (USA)<br \/>\n&#8211; Laverne Butler e Bruce Barth trio (USA)<br \/>\n&#8211; Big Band do Hot Clube de Portugal dirigida por Pedro Moreira (Portugal)<\/p>\n<p><strong>2003 <\/strong><\/p>\n<p>5\u00ba ANGRAJAZZ . 2003<br \/>\n&#8211; Sexteto do Hot Clube de Portugal (Portugal)<br \/>\n&#8211; Orquestra Angrajazz (A\u00e7ores)<br \/>\n&#8211; Karrin Allyson Quinteto (USA)<br \/>\n&#8211; Scott Hamilton Quarteto (USA)<br \/>\n&#8211; Philip Catherine Quarteto (B\u00e9lgica)<br \/>\n&#8211; Martial Solal Trio (Fran\u00e7a)<br \/>\n&#8211; Regina Carter Quinteto (USA)<\/p>\n<p><strong>2004 <\/strong><\/p>\n<p>6\u00ba ANGRAJAZZ . 2004<br \/>\n&#8211; Paula Oliveira Quarteto (Portugal)<br \/>\n&#8211; Orquestra Angrajazz (A\u00e7ores)<br \/>\n&#8211; Bireli Lagrene Quarteto (Fran\u00e7a)<br \/>\n&#8211; Herbie Nichols Project (USA)<br \/>\n&#8211; Mark Murphy Quinteto (USA)<br \/>\n&#8211; E.S.T. Esbj\u00f6rn Svensson Trio (Su\u00e9cia)<br \/>\n&#8211; Wycliffe Gordon Quinteto (USA)<br \/>\n<\/div>\n<div class=\"col-1-3\">\n<p><strong> 2005<br \/>\n<\/strong><\/p>\n<p>7\u00ba ANGRAJAZZ . 2005<br \/>\n&#8211; Orquestra de Jazz do Funchal (Portugal)<br \/>\n&#8211; Orquestra Angrajazz com M\u00e1rio Laginha (A\u00e7ores)<br \/>\n&#8211; Didier Lockwood Trio (Fran\u00e7a)<br \/>\n&#8211; T.G. B. Fraz\u00e3o, Carolino, Delgado Trio (Portugal)<br \/>\n&#8211; Sheila Jordan com Steve Kuhn Trio (USA)<br \/>\n&#8211; Dave Holland Quinteto (USA)<br \/>\n&#8211; Bill Charlap Trio (USA)<br \/>\n&#8211; Preservation Hall Jazz Band (USA)<\/p>\n<p><strong> 2006<br \/>\n<\/strong><\/p>\n<p>8\u00ba ANGRAJAZZ . 2006<br \/>\n&#8211; Orquestra Angrajazz com Z\u00e9 Eduardo (A\u00e7ores)<br \/>\n&#8211; Joe Lovano Noneto (USA)<br \/>\n&#8211; Bruce Barth Trio com Vanessa Rubin e Carla Cook (USA)<br \/>\n&#8211; Enrico Pieranunzi piano solo (It\u00e1lia)<br \/>\n&#8211; Enrico Rava Quinteto (It\u00e1lia)<br \/>\n&#8211; Filipe Melo Trio (Portugal)<br \/>\n&#8211; Eddie Palimieri Afro Caribbean Jazz All Stars (USA)<\/p>\n<p><strong> 2007<br \/>\n<\/strong><\/p>\n<p>9\u00ba ANGRAJAZZ . 2007<br \/>\n&#8211; Laurent Filipe Quinteto (Portugal)<br \/>\n&#8211; Roberta Gambarini Quarteto (It\u00e1lia\/USA)<br \/>\n&#8211; Orquestra Angrajazz com Afonso Pais (A\u00e7ores)<br \/>\n&#8211; Benny Golson Sexteto (USA)<br \/>\n&#8211; Jim Hall Trio (USA)<br \/>\n&#8211; Monk\u2019s Casino Quinteto (Alemanha)<\/p>\n<p><strong> 2008 <\/strong><\/p>\n<p>10\u00ba ANGRAJAZZ . 2008<br \/>\n&#8211; Tom Harrel Quinteto (USA)<br \/>\n&#8211; Orquestra Angrajazz com M\u00e1rio Barreiros (A\u00e7ores)<br \/>\n&#8211; M\u00e1rio Barreiros Sexteto (Portugal)<br \/>\n&#8211; Benny Wallace Noneto \u201cDisorder at the Border\u201d (USA)<br \/>\n&#8211; Bobo Stenson Trio (Su\u00e9cia)<br \/>\n&#8211; William Parker Sexteto \u201cRaining on the Moon\u201d (USA)<br \/>\n&#8211; Herbie Hancock Sexteto (USA)<\/p>\n<p><strong>2009<\/strong><\/p>\n<p>11\u00ba ANGRAJAZZ . 2009<br \/>\n&#8211; Orquestra Angrajazz com Hugo Alves (A\u00e7ores)<br \/>\n&#8211; Jane Monheit Quarteto (USA)<br \/>\n&#8211; Quarteto de M\u00e1rio Laginha (Portugal)<br \/>\n&#8211; Henri Texier Strada Sexteto (Fran\u00e7a)<br \/>\n&#8211; Chano Dominguez Trio (Espanha)<br \/>\n&#8211; Charles Lloyd New Quartet (USA)<\/p>\n<p><strong>2010 <\/strong><\/p>\n<p>12\u00ba ANGRAJAZZ . 2010<br \/>\n&#8211; Orquestra Angrajazz com Luis Cunha (A\u00e7ores)<br \/>\n&#8211; Mingus Dinasty Septet (USA)<br \/>\n&#8211; Stefano Bollani Trio (IT\u00c1LIA\/DINAMARCA)<br \/>\n&#8211; Paula Oliveira + Lisbones (LISBOA)<br \/>\n&#8211; Orchestre Nacional de Jazz (FRAN\u00c7A)<br \/>\n&#8211; Henri Texier Transatlantik Quartet com Joe Lovano, Steve Swallow, Aldo Romano (FRAN\u00c7A\/IT\u00c1LIA\/USA)<\/p>\n<\/div>\n<div class=\"col-1-3 last\">\n<p><strong>2011<br \/>\n<\/strong><\/p>\n<p>13\u00ba ANGRAJAZZ . 2011<br \/>\n&#8211; Orquestra Angrajazz (A\u00e7ores)<br \/>\n&#8211; Night of Jazz Guitars c\/ Larry Coryell<br \/>\n&#8211; Bill Carrothers Trio<br \/>\n&#8211; Kurt El-ing Quintet<br \/>\n&#8211; Julio Resende International Quartet<br \/>\n&#8211; Dave Douglas Brass Ecstasy<\/p>\n<p><strong>2012<\/strong><\/p>\n<p>14\u00ba ANGRAJAZZ . 2012<br \/>\n&#8211; Orquestra Angrajazz (A\u00e7ores)<br \/>\n&#8211; Tomasz Stanko Quintet (Pol\u00f3nia \/ Dinamarca)<br \/>\n&#8211; Rui Teixeira Group (Portugal)<br \/>\n&#8211; The Jack DeJohnette (USA)<br \/>\n&#8211; Jason Moran and The Bandwagon (USA)<br \/>\n&#8211; Matosinhos Jazz Orchestra w\/ Chris Cheek (Portugal)<\/p>\n<p><strong>2013 <\/strong><\/p>\n<p>15\u00ba ANGRAJAZZ . 2013<br \/>\n&#8211; Orquestra Angrajazz (A\u00e7ores)<br \/>\n&#8211; Carla Bley Trio (USA)<br \/>\n&#8211; Fred Hersch Trio (USA)<br \/>\n&#8211; Ray Anderson&#8217;s Pocket Brass Band (USA)<br \/>\n&#8211; Carlos Bica Trio (Portugal \/ Alemanha \/ USA)<br \/>\n&#8211; Cecile McLorin Salvant Quartet (USA \/ Fran\u00e7a)<\/p>\n<p><strong> 2014<br \/>\n<\/strong><\/p>\n<p>16\u00ba ANGRAJAZZ . 2014<br \/>\n&#8211; Orquestra Angrajazz (A\u00e7ores)<br \/>\n&#8211; Joey DeFrancisco Trio (USA)<br \/>\n&#8211; Barry Harris Trio (USA)<br \/>\n&#8211; Gary Smulyan Quarteto (USA)<br \/>\n&#8211; Ricardo Toscano Quarteto (Portugal)<br \/>\n&#8211; Ren\u00e9 Marie Quartet (USA)<\/p>\n<p><strong>2015<br \/>\n<\/strong><\/p>\n<p>17\u00ba ANGRAJAZZ . 2015<br \/>\n&#8211; Orquestra Angrajazz (A\u00e7ores)<br \/>\n&#8211; Ren\u00e9 Urtreger Trio (Fran\u00e7a)<br \/>\n&#8211; Jeff Denson + Lee Konitz (USA)<br \/>\n&#8211; Sexteto de Jazz de Lisboa (Portugal)<br \/>\n&#8211; Tord Gustavsen Ensemble (Noruega)<br \/>\n&#8211; Gregory Porter &#038; Band (USA)<\/p>\n<\/div>\n","protected":false},"excerpt":{"rendered":"{:pt} INTRODU\u00c7\u00c3O O Angrajazz \u00e9 um festival que se realiza anualmente em Angra do Hero\u00edsmo, Ilha Terceira, A\u00e7ores, da responsabilidade da Associa\u00e7\u00e3o Cultural Angrajazz e da C\u00e2mara Municipal de Angra do Hero\u00edsmo. Teve a sua primeira edi\u00e7\u00e3o em outubro de 1999, e a partir desse ano tem ocorrido anualmente, sempre \u00e0 volta do feriado de [...]","protected":false},"author":1,"featured_media":0,"parent":0,"menu_order":0,"comment_status":"closed","ping_status":"closed","template":"","meta":{"footnotes":""},"class_list":["post-581","page","type-page","status-publish","hentry"],"translation":{"provider":"WPGlobus","version":"3.0.0","language":"en","enabled_languages":["pt","en"],"languages":{"pt":{"title":true,"content":true,"excerpt":false},"en":{"title":true,"content":true,"excerpt":false}}},"_links":{"self":[{"href":"http:\/\/edicao2015.angrajazz.com\/en\/wp-json\/wp\/v2\/pages\/581","targetHints":{"allow":["GET"]}}],"collection":[{"href":"http:\/\/edicao2015.angrajazz.com\/en\/wp-json\/wp\/v2\/pages"}],"about":[{"href":"http:\/\/edicao2015.angrajazz.com\/en\/wp-json\/wp\/v2\/types\/page"}],"author":[{"embeddable":true,"href":"http:\/\/edicao2015.angrajazz.com\/en\/wp-json\/wp\/v2\/users\/1"}],"replies":[{"embeddable":true,"href":"http:\/\/edicao2015.angrajazz.com\/en\/wp-json\/wp\/v2\/comments?post=581"}],"version-history":[{"count":34,"href":"http:\/\/edicao2015.angrajazz.com\/en\/wp-json\/wp\/v2\/pages\/581\/revisions"}],"predecessor-version":[{"id":1200,"href":"http:\/\/edicao2015.angrajazz.com\/en\/wp-json\/wp\/v2\/pages\/581\/revisions\/1200"}],"wp:attachment":[{"href":"http:\/\/edicao2015.angrajazz.com\/en\/wp-json\/wp\/v2\/media?parent=581"}],"curies":[{"name":"wp","href":"https:\/\/api.w.org\/{rel}","templated":true}]}}